{"id":854,"date":"2024-02-29T16:16:40","date_gmt":"2024-02-29T15:16:40","guid":{"rendered":"https:\/\/www.select-up.fr\/filiere\/"},"modified":"2024-04-25T15:29:53","modified_gmt":"2024-04-25T13:29:53","slug":"el-sector","status":"publish","type":"page","link":"https:\/\/www.select-up.fr\/es\/el-sector\/","title":{"rendered":"El sector"},"content":{"rendered":"","protected":false},"excerpt":{"rendered":"","protected":false},"author":2,"featured_media":0,"parent":0,"menu_order":0,"comment_status":"closed","ping_status":"closed","template":"","meta":{"_acf_changed":false,"_seopress_robots_primary_cat":"","_seopress_titles_title":"Sector de la patata - Select\u2019up","_seopress_titles_desc":"Select\u2019up desempe\u00f1a una funci\u00f3n clave en el sector de la patata, ya que establece el v\u00ednculo entre los productores franceses y los envasadores europeos.","_seopress_robots_index":"","footnotes":""},"class_list":["post-854","page","type-page","status-publish"],"acf":[],"_links":{"self":[{"href":"https:\/\/www.select-up.fr\/es\/wp-json\/wp\/v2\/pages\/854","targetHints":{"allow":["GET"]}}],"collection":[{"href":"https:\/\/www.select-up.fr\/es\/wp-json\/wp\/v2\/pages"}],"about":[{"href":"https:\/\/www.select-up.fr\/es\/wp-json\/wp\/v2\/types\/page"}],"author":[{"embeddable":true,"href":"https:\/\/www.select-up.fr\/es\/wp-json\/wp\/v2\/users\/2"}],"replies":[{"embeddable":true,"href":"https:\/\/www.select-up.fr\/es\/wp-json\/wp\/v2\/comments?post=854"}],"version-history":[{"count":0,"href":"https:\/\/www.select-up.fr\/es\/wp-json\/wp\/v2\/pages\/854\/revisions"}],"wp:attachment":[{"href":"https:\/\/www.select-up.fr\/es\/wp-json\/wp\/v2\/media?parent=854"}],"curies":[{"name":"wp","href":"https:\/\/api.w.org\/{rel}","templated":true}]}}